{"id":14,"date":"2025-01-14T15:20:51","date_gmt":"2025-01-14T14:20:51","guid":{"rendered":"http:\/\/conciergerie-les-gravelots.fr\/?page_id=14"},"modified":"2025-03-18T15:32:05","modified_gmt":"2025-03-18T14:32:05","slug":"proprietaires","status":"publish","type":"page","link":"https:\/\/conciergerie-les-gravelots.fr\/index.php\/proprietaires\/","title":{"rendered":"Propri\u00e9taires"},"content":{"rendered":"\n<hr class=\"wp-block-separator has-alpha-channel-opacity\"\/>\n\n\n\n<h2 class=\"wp-block-heading\"><\/h2>\n\n\n\n<p>Nous sommes une conciergerie \u00e0 taille humaine, o\u00f9 nous privil\u00e9gions la <strong>communication directe<\/strong>, une personnalisation <strong>sur-mesure<\/strong> et une approche <strong>qualitative<\/strong>. Nous nous occupons de la gestion de vos locations saisonni\u00e8res, de votre r\u00e9sidence, des annonces, des publicit\u00e9s, de l&rsquo;accueil, du linge, du m\u00e9nage et bien plus encore. Vous n&rsquo;avez qu&rsquo;\u00e0 profiter, nous nous occupons de tout !<\/p>\n\n\n\n<ul class=\"wp-block-list\">\n<li><strong>Cr\u00e9ation et gestion d&rsquo;annonces<\/strong> : Optimisation de vos annonces sur les plateformes de r\u00e9servation (r\u00e9daction, photos, mise en valeur).<\/li>\n\n\n\n<li><strong>Organisation des locations saisonni\u00e8res<\/strong> : Gestion des plannings et coordination des s\u00e9jours.<\/li>\n\n\n\n<li><strong>Accueil physique et accompagnement des locataires<\/strong> : check-in, check-out, r\u00e9ponses aux demandes en cours de s\u00e9jour, interventions techniques&#8230;<\/li>\n\n\n\n<li><strong>M\u00e9nage<\/strong> entre chaque location ou pendant le s\u00e9jour (sur demande).<\/li>\n\n\n\n<li><strong>Livret d&rsquo;accueil personnalis\u00e9<\/strong> : Cr\u00e9ation d&rsquo;un guide pratique pour vos locataires.<\/li>\n\n\n\n<li><strong>Entretien des ext\u00e9rieurs<\/strong> : Tonte de la pelouse, d\u00e9sherbage, entretien de la piscine&#8230;<\/li>\n\n\n\n<li><strong>Cadeau de bienvenue<\/strong> : Une intention sp\u00e9ciale pour vos locataires d\u00e8s leur arriv\u00e9es.<\/li>\n\n\n\n<li><strong>Compte rendu d&rsquo;activit\u00e9s<\/strong> : Suivi d\u00e9taill\u00e9 et transparent de la gestion de votre bien.<\/li>\n<\/ul>\n\n\n\n<p><\/p>\n\n\n\n<p class=\"has-text-align-center\"><strong>Confiez nous<\/strong> la gestion de votre r\u00e9sidence et <strong>b\u00e9n\u00e9ficiez<\/strong> d&rsquo;un service <strong>professionnel<\/strong>, <strong>attentionn\u00e9<\/strong> et <strong>sans contraintes<\/strong>.<\/p>\n\n\n\n<div class=\"wp-block-columns is-layout-flex wp-container-core-columns-is-layout-28f84493 wp-block-columns-is-layout-flex\">\n<div class=\"wp-block-column has-background-color has-text-color has-background has-link-color wp-elements-587e629b42121c059ce0a986030a9393 is-layout-flow wp-block-column-is-layout-flow\" style=\"background-color:#226d68;padding-top:var(--wp--preset--spacing--50);padding-right:var(--wp--preset--spacing--50);padding-bottom:var(--wp--preset--spacing--50);padding-left:var(--wp--preset--spacing--50)\">\n<h3 class=\"wp-block-heading\">Tarifs<\/h3>\n\n\n\n<p>Nos tarifs sont accessibles sur devis car chaque prestation est adapt\u00e9e en fonction de vos besoins.<\/p>\n<\/div>\n<\/div>\n\n\n\n<p><\/p>\n","protected":false},"excerpt":{"rendered":"<p>Nous sommes une conciergerie \u00e0 taille humaine, o\u00f9 nous privil\u00e9gions la communication directe, une personnalisation sur-mesure et une approche qualitative. Nous nous occupons de la gestion de vos locations saisonni\u00e8res, de votre r\u00e9sidence, des annonces, des publicit\u00e9s, de l&rsquo;accueil, du linge, du m\u00e9nage et bien plus encore. Vous n&rsquo;avez qu&rsquo;\u00e0 profiter, nous nous occupons de [&hellip;]<\/p>\n","protected":false},"author":1,"featured_media":0,"parent":0,"menu_order":0,"comment_status":"closed","ping_status":"closed","template":"","meta":{"footnotes":""},"class_list":["post-14","page","type-page","status-publish","hentry"],"yoast_head":"<!-- This site is optimized with the Yoast SEO plugin v25.0 - https:\/\/yoast.com\/wordpress\/plugins\/seo\/ -->\n<title>Propri\u00e9taires - Notre conciergerie s&#039;occupe de vous<\/title>\n<meta name=\"description\" content=\"Nous proposons une gamme compl\u00e8te de services personnalis\u00e9s pour les propri\u00e9taires mais aussi pour les locataires autour de Plouhinec.\" \/>\n<meta name=\"robots\" content=\"index, follow, max-snippet:-1, max-image-preview:large, max-video-preview:-1\" \/>\n<link rel=\"canonical\" href=\"https:\/\/conciergerie-les-gravelots.fr\/index.php\/proprietaires\/\" \/>\n<meta property=\"og:locale\" content=\"fr_FR\" \/>\n<meta property=\"og:type\" content=\"article\" \/>\n<meta property=\"og:title\" content=\"Propri\u00e9taires - Notre conciergerie s&#039;occupe de vous\" \/>\n<meta property=\"og:description\" content=\"Nous proposons une gamme compl\u00e8te de services personnalis\u00e9s pour les propri\u00e9taires mais aussi pour les locataires autour de Plouhinec.\" \/>\n<meta property=\"og:url\" content=\"https:\/\/conciergerie-les-gravelots.fr\/index.php\/proprietaires\/\" \/>\n<meta property=\"og:site_name\" content=\"Conciergerie Les Gravelots\" \/>\n<meta property=\"article:modified_time\" content=\"2025-03-18T14:32:05+00:00\" \/>\n<meta name=\"twitter:card\" content=\"summary_large_image\" \/>\n<meta name=\"twitter:label1\" content=\"Dur\u00e9e de lecture estim\u00e9e\" \/>\n\t<meta name=\"twitter:data1\" content=\"1 minute\" \/>\n<script type=\"application\/ld+json\" class=\"yoast-schema-graph\">{\"@context\":\"https:\/\/schema.org\",\"@graph\":[{\"@type\":[\"WebPage\",\"ContactPage\"],\"@id\":\"https:\/\/conciergerie-les-gravelots.fr\/index.php\/proprietaires\/\",\"url\":\"https:\/\/conciergerie-les-gravelots.fr\/index.php\/proprietaires\/\",\"name\":\"Propri\u00e9taires - Notre conciergerie s'occupe de vous\",\"isPartOf\":{\"@id\":\"https:\/\/conciergerie-les-gravelots.fr\/#website\"},\"datePublished\":\"2025-01-14T14:20:51+00:00\",\"dateModified\":\"2025-03-18T14:32:05+00:00\",\"description\":\"Nous proposons une gamme compl\u00e8te de services personnalis\u00e9s pour les propri\u00e9taires mais aussi pour les locataires autour de Plouhinec.\",\"breadcrumb\":{\"@id\":\"https:\/\/conciergerie-les-gravelots.fr\/index.php\/proprietaires\/#breadcrumb\"},\"inLanguage\":\"fr-FR\",\"potentialAction\":[{\"@type\":\"ReadAction\",\"target\":[\"https:\/\/conciergerie-les-gravelots.fr\/index.php\/proprietaires\/\"]}]},{\"@type\":\"BreadcrumbList\",\"@id\":\"https:\/\/conciergerie-les-gravelots.fr\/index.php\/proprietaires\/#breadcrumb\",\"itemListElement\":[{\"@type\":\"ListItem\",\"position\":1,\"name\":\"Accueil\",\"item\":\"https:\/\/conciergerie-les-gravelots.fr\/\"},{\"@type\":\"ListItem\",\"position\":2,\"name\":\"Propri\u00e9taires\"}]},{\"@type\":\"WebSite\",\"@id\":\"https:\/\/conciergerie-les-gravelots.fr\/#website\",\"url\":\"https:\/\/conciergerie-les-gravelots.fr\/\",\"name\":\"Conciergerie Les Gravelots\",\"description\":\"\",\"publisher\":{\"@id\":\"https:\/\/conciergerie-les-gravelots.fr\/#organization\"},\"potentialAction\":[{\"@type\":\"SearchAction\",\"target\":{\"@type\":\"EntryPoint\",\"urlTemplate\":\"https:\/\/conciergerie-les-gravelots.fr\/?s={search_term_string}\"},\"query-input\":{\"@type\":\"PropertyValueSpecification\",\"valueRequired\":true,\"valueName\":\"search_term_string\"}}],\"inLanguage\":\"fr-FR\"},{\"@type\":\"Organization\",\"@id\":\"https:\/\/conciergerie-les-gravelots.fr\/#organization\",\"name\":\"Conciergerie Les Gravelots\",\"url\":\"https:\/\/conciergerie-les-gravelots.fr\/\",\"logo\":{\"@type\":\"ImageObject\",\"inLanguage\":\"fr-FR\",\"@id\":\"https:\/\/conciergerie-les-gravelots.fr\/#\/schema\/logo\/image\/\",\"url\":\"https:\/\/conciergerie-les-gravelots.fr\/wp-content\/uploads\/2025\/01\/logo-site.png\",\"contentUrl\":\"https:\/\/conciergerie-les-gravelots.fr\/wp-content\/uploads\/2025\/01\/logo-site.png\",\"width\":300,\"height\":200,\"caption\":\"Conciergerie Les Gravelots\"},\"image\":{\"@id\":\"https:\/\/conciergerie-les-gravelots.fr\/#\/schema\/logo\/image\/\"}}]}<\/script>\n<!-- \/ Yoast SEO plugin. -->","yoast_head_json":{"title":"Propri\u00e9taires - Notre conciergerie s'occupe de vous","description":"Nous proposons une gamme compl\u00e8te de services personnalis\u00e9s pour les propri\u00e9taires mais aussi pour les locataires autour de Plouhinec.","robots":{"index":"index","follow":"follow","max-snippet":"max-snippet:-1","max-image-preview":"max-image-preview:large","max-video-preview":"max-video-preview:-1"},"canonical":"https:\/\/conciergerie-les-gravelots.fr\/index.php\/proprietaires\/","og_locale":"fr_FR","og_type":"article","og_title":"Propri\u00e9taires - Notre conciergerie s'occupe de vous","og_description":"Nous proposons une gamme compl\u00e8te de services personnalis\u00e9s pour les propri\u00e9taires mais aussi pour les locataires autour de Plouhinec.","og_url":"https:\/\/conciergerie-les-gravelots.fr\/index.php\/proprietaires\/","og_site_name":"Conciergerie Les Gravelots","article_modified_time":"2025-03-18T14:32:05+00:00","twitter_card":"summary_large_image","twitter_misc":{"Dur\u00e9e de lecture estim\u00e9e":"1 minute"},"schema":{"@context":"https:\/\/schema.org","@graph":[{"@type":["WebPage","ContactPage"],"@id":"https:\/\/conciergerie-les-gravelots.fr\/index.php\/proprietaires\/","url":"https:\/\/conciergerie-les-gravelots.fr\/index.php\/proprietaires\/","name":"Propri\u00e9taires - Notre conciergerie s'occupe de vous","isPartOf":{"@id":"https:\/\/conciergerie-les-gravelots.fr\/#website"},"datePublished":"2025-01-14T14:20:51+00:00","dateModified":"2025-03-18T14:32:05+00:00","description":"Nous proposons une gamme compl\u00e8te de services personnalis\u00e9s pour les propri\u00e9taires mais aussi pour les locataires autour de Plouhinec.","breadcrumb":{"@id":"https:\/\/conciergerie-les-gravelots.fr\/index.php\/proprietaires\/#breadcrumb"},"inLanguage":"fr-FR","potentialAction":[{"@type":"ReadAction","target":["https:\/\/conciergerie-les-gravelots.fr\/index.php\/proprietaires\/"]}]},{"@type":"BreadcrumbList","@id":"https:\/\/conciergerie-les-gravelots.fr\/index.php\/proprietaires\/#breadcrumb","itemListElement":[{"@type":"ListItem","position":1,"name":"Accueil","item":"https:\/\/conciergerie-les-gravelots.fr\/"},{"@type":"ListItem","position":2,"name":"Propri\u00e9taires"}]},{"@type":"WebSite","@id":"https:\/\/conciergerie-les-gravelots.fr\/#website","url":"https:\/\/conciergerie-les-gravelots.fr\/","name":"Conciergerie Les Gravelots","description":"","publisher":{"@id":"https:\/\/conciergerie-les-gravelots.fr\/#organization"},"potentialAction":[{"@type":"SearchAction","target":{"@type":"EntryPoint","urlTemplate":"https:\/\/conciergerie-les-gravelots.fr\/?s={search_term_string}"},"query-input":{"@type":"PropertyValueSpecification","valueRequired":true,"valueName":"search_term_string"}}],"inLanguage":"fr-FR"},{"@type":"Organization","@id":"https:\/\/conciergerie-les-gravelots.fr\/#organization","name":"Conciergerie Les Gravelots","url":"https:\/\/conciergerie-les-gravelots.fr\/","logo":{"@type":"ImageObject","inLanguage":"fr-FR","@id":"https:\/\/conciergerie-les-gravelots.fr\/#\/schema\/logo\/image\/","url":"https:\/\/conciergerie-les-gravelots.fr\/wp-content\/uploads\/2025\/01\/logo-site.png","contentUrl":"https:\/\/conciergerie-les-gravelots.fr\/wp-content\/uploads\/2025\/01\/logo-site.png","width":300,"height":200,"caption":"Conciergerie Les Gravelots"},"image":{"@id":"https:\/\/conciergerie-les-gravelots.fr\/#\/schema\/logo\/image\/"}}]}},"_links":{"self":[{"href":"https:\/\/conciergerie-les-gravelots.fr\/index.php\/wp-json\/wp\/v2\/pages\/14","targetHints":{"allow":["GET"]}}],"collection":[{"href":"https:\/\/conciergerie-les-gravelots.fr\/index.php\/wp-json\/wp\/v2\/pages"}],"about":[{"href":"https:\/\/conciergerie-les-gravelots.fr\/index.php\/wp-json\/wp\/v2\/types\/page"}],"author":[{"embeddable":true,"href":"https:\/\/conciergerie-les-gravelots.fr\/index.php\/wp-json\/wp\/v2\/users\/1"}],"replies":[{"embeddable":true,"href":"https:\/\/conciergerie-les-gravelots.fr\/index.php\/wp-json\/wp\/v2\/comments?post=14"}],"version-history":[{"count":9,"href":"https:\/\/conciergerie-les-gravelots.fr\/index.php\/wp-json\/wp\/v2\/pages\/14\/revisions"}],"predecessor-version":[{"id":220,"href":"https:\/\/conciergerie-les-gravelots.fr\/index.php\/wp-json\/wp\/v2\/pages\/14\/revisions\/220"}],"wp:attachment":[{"href":"https:\/\/conciergerie-les-gravelots.fr\/index.php\/wp-json\/wp\/v2\/media?parent=14"}],"curies":[{"name":"wp","href":"https:\/\/api.w.org\/{rel}","templated":true}]}}