{"id":20,"date":"2025-01-14T15:22:21","date_gmt":"2025-01-14T14:22:21","guid":{"rendered":"http:\/\/conciergerie-les-gravelots.fr\/?page_id=20"},"modified":"2025-03-18T15:31:51","modified_gmt":"2025-03-18T14:31:51","slug":"voyageurs","status":"publish","type":"page","link":"https:\/\/conciergerie-les-gravelots.fr\/index.php\/voyageurs\/","title":{"rendered":"Voyageurs"},"content":{"rendered":"\n<hr class=\"wp-block-separator has-alpha-channel-opacity\"\/>\n\n\n\n<p>Nous aurons le plaisir de vous <strong>accueillir<\/strong> dans votre location o\u00f9 tout sera mis en \u0153uvre afin que vous passiez un excellent s\u00e9jour. Notre exp\u00e9rience et notre r\u00e9seau sont mis \u00e0 votre <strong>disposition<\/strong>, nous sommes \u00e0 votre \u00e9coute pour r\u00e9pondre \u00e0 toutes vos demandes avant et pendant votre s\u00e9jour.<\/p>\n\n\n\n<h2 class=\"wp-block-heading has-x-large-font-size\">Services propos\u00e9s<\/h2>\n\n\n\n<ul class=\"wp-block-list\">\n<li>Location du linge de maison (Draps, serviette de bain &#8230;)<\/li>\n\n\n\n<li>Lits faits \u00e0 l&rsquo;arriv\u00e9e pour une arriv\u00e9e serein dans un logement pr\u00eat \u00e0 vous recevoir.<\/li>\n\n\n\n<li>Courses faites \u00e0 l&rsquo;arriv\u00e9e, vos essentiels d\u00e9j\u00e0 pr\u00e9par\u00e9s \u00e0 votre arriv\u00e9e.<\/li>\n\n\n\n<li>Equipements b\u00e9b\u00e9, sur r\u00e9servation (Lit parapluie, chaise haute&#8230;)<\/li>\n\n\n\n<li>M\u00e9nage de fin de s\u00e9jour, pour un d\u00e9part sans contraintes.<\/li>\n\n\n\n<li>Recommandations des sites \u00e0 visiter et \u00e0 faire dans la r\u00e9gion.<\/li>\n\n\n\n<li>Livret d&rsquo;accueil personnalis\u00e9 \u00e0 votre disposition.<\/li>\n<\/ul>\n\n\n\n<p class=\"has-text-align-center\">Avec la conciergerie les <strong>GRAVELOTS<\/strong>, offrez vous un s\u00e9jour <strong>m\u00e9morable<\/strong>, o\u00f9 chaque d\u00e9tail est pens\u00e9 pour votre <strong>bien-\u00eatre<\/strong>.<\/p>\n\n\n\n<div class=\"wp-block-columns is-layout-flex wp-container-core-columns-is-layout-28f84493 wp-block-columns-is-layout-flex\">\n<div class=\"wp-block-column is-layout-flow wp-block-column-is-layout-flow\" style=\"flex-basis:100%\">\n<div class=\"wp-block-group has-background-color has-text-color has-background has-link-color wp-elements-704ff9539d18500792ebf91c1a872c14 is-layout-constrained wp-container-core-group-is-layout-8a4af78e wp-block-group-is-layout-constrained\" style=\"background-color:#226d68;padding-top:var(--wp--preset--spacing--50);padding-right:var(--wp--preset--spacing--50);padding-bottom:var(--wp--preset--spacing--50);padding-left:var(--wp--preset--spacing--50)\">\n<h2 class=\"wp-block-heading has-x-large-font-size\">Tarifs<\/h2>\n\n\n\n<p>Nos tarifs sont accessibles sur demande car chaque prestation est adapt\u00e9e selon vos besoins et votre location.<\/p>\n<\/div>\n<\/div>\n<\/div>\n\n\n\n<p><\/p>\n","protected":false},"excerpt":{"rendered":"<p>Nous aurons le plaisir de vous accueillir dans votre location o\u00f9 tout sera mis en \u0153uvre afin que vous passiez un excellent s\u00e9jour. Notre exp\u00e9rience et notre r\u00e9seau sont mis \u00e0 votre disposition, nous sommes \u00e0 votre \u00e9coute pour r\u00e9pondre \u00e0 toutes vos demandes avant et pendant votre s\u00e9jour. Services propos\u00e9s Avec la conciergerie les [&hellip;]<\/p>\n","protected":false},"author":1,"featured_media":0,"parent":0,"menu_order":0,"comment_status":"closed","ping_status":"closed","template":"","meta":{"footnotes":""},"class_list":["post-20","page","type-page","status-publish","hentry"],"yoast_head":"<!-- This site is optimized with the Yoast SEO plugin v25.0 - https:\/\/yoast.com\/wordpress\/plugins\/seo\/ -->\n<title>Voyageurs - Notre conciergerie s&#039;occupe de vous<\/title>\n<meta name=\"description\" content=\"Nous proposons une gamme compl\u00e8te de services personnalis\u00e9s pour les propri\u00e9taires mais aussi pour les locataires autour de Plouhinec.\" \/>\n<meta name=\"robots\" content=\"index, follow, max-snippet:-1, max-image-preview:large, max-video-preview:-1\" \/>\n<link rel=\"canonical\" href=\"https:\/\/conciergerie-les-gravelots.fr\/index.php\/voyageurs\/\" \/>\n<meta property=\"og:locale\" content=\"fr_FR\" \/>\n<meta property=\"og:type\" content=\"article\" \/>\n<meta property=\"og:title\" content=\"Voyageurs - Notre conciergerie s&#039;occupe de vous\" \/>\n<meta property=\"og:description\" content=\"Nous proposons une gamme compl\u00e8te de services personnalis\u00e9s pour les propri\u00e9taires mais aussi pour les locataires autour de Plouhinec.\" \/>\n<meta property=\"og:url\" content=\"https:\/\/conciergerie-les-gravelots.fr\/index.php\/voyageurs\/\" \/>\n<meta property=\"og:site_name\" content=\"Conciergerie Les Gravelots\" \/>\n<meta property=\"article:modified_time\" content=\"2025-03-18T14:31:51+00:00\" \/>\n<meta name=\"twitter:card\" content=\"summary_large_image\" \/>\n<meta name=\"twitter:label1\" content=\"Dur\u00e9e de lecture estim\u00e9e\" \/>\n\t<meta name=\"twitter:data1\" content=\"1 minute\" \/>\n<script type=\"application\/ld+json\" class=\"yoast-schema-graph\">{\"@context\":\"https:\/\/schema.org\",\"@graph\":[{\"@type\":[\"WebPage\",\"ContactPage\"],\"@id\":\"https:\/\/conciergerie-les-gravelots.fr\/index.php\/voyageurs\/\",\"url\":\"https:\/\/conciergerie-les-gravelots.fr\/index.php\/voyageurs\/\",\"name\":\"Voyageurs - Notre conciergerie s'occupe de vous\",\"isPartOf\":{\"@id\":\"https:\/\/conciergerie-les-gravelots.fr\/#website\"},\"datePublished\":\"2025-01-14T14:22:21+00:00\",\"dateModified\":\"2025-03-18T14:31:51+00:00\",\"description\":\"Nous proposons une gamme compl\u00e8te de services personnalis\u00e9s pour les propri\u00e9taires mais aussi pour les locataires autour de Plouhinec.\",\"breadcrumb\":{\"@id\":\"https:\/\/conciergerie-les-gravelots.fr\/index.php\/voyageurs\/#breadcrumb\"},\"inLanguage\":\"fr-FR\",\"potentialAction\":[{\"@type\":\"ReadAction\",\"target\":[\"https:\/\/conciergerie-les-gravelots.fr\/index.php\/voyageurs\/\"]}]},{\"@type\":\"BreadcrumbList\",\"@id\":\"https:\/\/conciergerie-les-gravelots.fr\/index.php\/voyageurs\/#breadcrumb\",\"itemListElement\":[{\"@type\":\"ListItem\",\"position\":1,\"name\":\"Accueil\",\"item\":\"https:\/\/conciergerie-les-gravelots.fr\/\"},{\"@type\":\"ListItem\",\"position\":2,\"name\":\"Voyageurs\"}]},{\"@type\":\"WebSite\",\"@id\":\"https:\/\/conciergerie-les-gravelots.fr\/#website\",\"url\":\"https:\/\/conciergerie-les-gravelots.fr\/\",\"name\":\"Conciergerie Les Gravelots\",\"description\":\"\",\"publisher\":{\"@id\":\"https:\/\/conciergerie-les-gravelots.fr\/#organization\"},\"potentialAction\":[{\"@type\":\"SearchAction\",\"target\":{\"@type\":\"EntryPoint\",\"urlTemplate\":\"https:\/\/conciergerie-les-gravelots.fr\/?s={search_term_string}\"},\"query-input\":{\"@type\":\"PropertyValueSpecification\",\"valueRequired\":true,\"valueName\":\"search_term_string\"}}],\"inLanguage\":\"fr-FR\"},{\"@type\":\"Organization\",\"@id\":\"https:\/\/conciergerie-les-gravelots.fr\/#organization\",\"name\":\"Conciergerie Les Gravelots\",\"url\":\"https:\/\/conciergerie-les-gravelots.fr\/\",\"logo\":{\"@type\":\"ImageObject\",\"inLanguage\":\"fr-FR\",\"@id\":\"https:\/\/conciergerie-les-gravelots.fr\/#\/schema\/logo\/image\/\",\"url\":\"https:\/\/conciergerie-les-gravelots.fr\/wp-content\/uploads\/2025\/01\/logo-site.png\",\"contentUrl\":\"https:\/\/conciergerie-les-gravelots.fr\/wp-content\/uploads\/2025\/01\/logo-site.png\",\"width\":300,\"height\":200,\"caption\":\"Conciergerie Les Gravelots\"},\"image\":{\"@id\":\"https:\/\/conciergerie-les-gravelots.fr\/#\/schema\/logo\/image\/\"}}]}<\/script>\n<!-- \/ Yoast SEO plugin. -->","yoast_head_json":{"title":"Voyageurs - Notre conciergerie s'occupe de vous","description":"Nous proposons une gamme compl\u00e8te de services personnalis\u00e9s pour les propri\u00e9taires mais aussi pour les locataires autour de Plouhinec.","robots":{"index":"index","follow":"follow","max-snippet":"max-snippet:-1","max-image-preview":"max-image-preview:large","max-video-preview":"max-video-preview:-1"},"canonical":"https:\/\/conciergerie-les-gravelots.fr\/index.php\/voyageurs\/","og_locale":"fr_FR","og_type":"article","og_title":"Voyageurs - Notre conciergerie s'occupe de vous","og_description":"Nous proposons une gamme compl\u00e8te de services personnalis\u00e9s pour les propri\u00e9taires mais aussi pour les locataires autour de Plouhinec.","og_url":"https:\/\/conciergerie-les-gravelots.fr\/index.php\/voyageurs\/","og_site_name":"Conciergerie Les Gravelots","article_modified_time":"2025-03-18T14:31:51+00:00","twitter_card":"summary_large_image","twitter_misc":{"Dur\u00e9e de lecture estim\u00e9e":"1 minute"},"schema":{"@context":"https:\/\/schema.org","@graph":[{"@type":["WebPage","ContactPage"],"@id":"https:\/\/conciergerie-les-gravelots.fr\/index.php\/voyageurs\/","url":"https:\/\/conciergerie-les-gravelots.fr\/index.php\/voyageurs\/","name":"Voyageurs - Notre conciergerie s'occupe de vous","isPartOf":{"@id":"https:\/\/conciergerie-les-gravelots.fr\/#website"},"datePublished":"2025-01-14T14:22:21+00:00","dateModified":"2025-03-18T14:31:51+00:00","description":"Nous proposons une gamme compl\u00e8te de services personnalis\u00e9s pour les propri\u00e9taires mais aussi pour les locataires autour de Plouhinec.","breadcrumb":{"@id":"https:\/\/conciergerie-les-gravelots.fr\/index.php\/voyageurs\/#breadcrumb"},"inLanguage":"fr-FR","potentialAction":[{"@type":"ReadAction","target":["https:\/\/conciergerie-les-gravelots.fr\/index.php\/voyageurs\/"]}]},{"@type":"BreadcrumbList","@id":"https:\/\/conciergerie-les-gravelots.fr\/index.php\/voyageurs\/#breadcrumb","itemListElement":[{"@type":"ListItem","position":1,"name":"Accueil","item":"https:\/\/conciergerie-les-gravelots.fr\/"},{"@type":"ListItem","position":2,"name":"Voyageurs"}]},{"@type":"WebSite","@id":"https:\/\/conciergerie-les-gravelots.fr\/#website","url":"https:\/\/conciergerie-les-gravelots.fr\/","name":"Conciergerie Les Gravelots","description":"","publisher":{"@id":"https:\/\/conciergerie-les-gravelots.fr\/#organization"},"potentialAction":[{"@type":"SearchAction","target":{"@type":"EntryPoint","urlTemplate":"https:\/\/conciergerie-les-gravelots.fr\/?s={search_term_string}"},"query-input":{"@type":"PropertyValueSpecification","valueRequired":true,"valueName":"search_term_string"}}],"inLanguage":"fr-FR"},{"@type":"Organization","@id":"https:\/\/conciergerie-les-gravelots.fr\/#organization","name":"Conciergerie Les Gravelots","url":"https:\/\/conciergerie-les-gravelots.fr\/","logo":{"@type":"ImageObject","inLanguage":"fr-FR","@id":"https:\/\/conciergerie-les-gravelots.fr\/#\/schema\/logo\/image\/","url":"https:\/\/conciergerie-les-gravelots.fr\/wp-content\/uploads\/2025\/01\/logo-site.png","contentUrl":"https:\/\/conciergerie-les-gravelots.fr\/wp-content\/uploads\/2025\/01\/logo-site.png","width":300,"height":200,"caption":"Conciergerie Les Gravelots"},"image":{"@id":"https:\/\/conciergerie-les-gravelots.fr\/#\/schema\/logo\/image\/"}}]}},"_links":{"self":[{"href":"https:\/\/conciergerie-les-gravelots.fr\/index.php\/wp-json\/wp\/v2\/pages\/20","targetHints":{"allow":["GET"]}}],"collection":[{"href":"https:\/\/conciergerie-les-gravelots.fr\/index.php\/wp-json\/wp\/v2\/pages"}],"about":[{"href":"https:\/\/conciergerie-les-gravelots.fr\/index.php\/wp-json\/wp\/v2\/types\/page"}],"author":[{"embeddable":true,"href":"https:\/\/conciergerie-les-gravelots.fr\/index.php\/wp-json\/wp\/v2\/users\/1"}],"replies":[{"embeddable":true,"href":"https:\/\/conciergerie-les-gravelots.fr\/index.php\/wp-json\/wp\/v2\/comments?post=20"}],"version-history":[{"count":8,"href":"https:\/\/conciergerie-les-gravelots.fr\/index.php\/wp-json\/wp\/v2\/pages\/20\/revisions"}],"predecessor-version":[{"id":219,"href":"https:\/\/conciergerie-les-gravelots.fr\/index.php\/wp-json\/wp\/v2\/pages\/20\/revisions\/219"}],"wp:attachment":[{"href":"https:\/\/conciergerie-les-gravelots.fr\/index.php\/wp-json\/wp\/v2\/media?parent=20"}],"curies":[{"name":"wp","href":"https:\/\/api.w.org\/{rel}","templated":true}]}}