{"id":25,"date":"2025-01-14T15:33:20","date_gmt":"2025-01-14T14:33:20","guid":{"rendered":"http:\/\/conciergerie-les-gravelots.fr\/?page_id=25"},"modified":"2025-03-18T15:35:30","modified_gmt":"2025-03-18T14:35:30","slug":"contactez-moi","status":"publish","type":"page","link":"https:\/\/conciergerie-les-gravelots.fr\/index.php\/contactez-moi\/","title":{"rendered":"Contact"},"content":{"rendered":"\n<div class=\"wp-block-columns is-layout-flex wp-container-core-columns-is-layout-28f84493 wp-block-columns-is-layout-flex\">\n<div class=\"wp-block-column is-layout-flow wp-block-column-is-layout-flow\">\n<figure class=\"wp-block-image size-large\"><img loading=\"lazy\" decoding=\"async\" width=\"531\" height=\"1024\" src=\"https:\/\/conciergerie-les-gravelots.fr\/wp-content\/uploads\/2025\/01\/contact-surf-1-531x1024.jpg\" alt=\"\" class=\"wp-image-174\" srcset=\"https:\/\/conciergerie-les-gravelots.fr\/wp-content\/uploads\/2025\/01\/contact-surf-1-531x1024.jpg 531w, https:\/\/conciergerie-les-gravelots.fr\/wp-content\/uploads\/2025\/01\/contact-surf-1-156x300.jpg 156w, https:\/\/conciergerie-les-gravelots.fr\/wp-content\/uploads\/2025\/01\/contact-surf-1.jpg 600w\" sizes=\"auto, (max-width: 531px) 100vw, 531px\" \/><\/figure>\n<\/div>\n\n\n\n<div class=\"wp-block-column is-layout-flow wp-block-column-is-layout-flow\">\n<div class=\"wpcf7 no-js\" id=\"wpcf7-f24-o1\" lang=\"fr-FR\" dir=\"ltr\" data-wpcf7-id=\"24\">\n<div class=\"screen-reader-response\"><p role=\"status\" aria-live=\"polite\" aria-atomic=\"true\"><\/p> <ul><\/ul><\/div>\n<form action=\"\/index.php\/wp-json\/wp\/v2\/pages\/25#wpcf7-f24-o1\" method=\"post\" class=\"wpcf7-form init\" aria-label=\"Formulaire de contact\" novalidate=\"novalidate\" data-status=\"init\">\n<div style=\"display: none;\">\n<input type=\"hidden\" name=\"_wpcf7\" value=\"24\" \/>\n<input type=\"hidden\" name=\"_wpcf7_version\" value=\"6.0.6\" \/>\n<input type=\"hidden\" name=\"_wpcf7_locale\" value=\"fr_FR\" \/>\n<input type=\"hidden\" name=\"_wpcf7_unit_tag\" value=\"wpcf7-f24-o1\" \/>\n<input type=\"hidden\" name=\"_wpcf7_container_post\" value=\"0\" \/>\n<input type=\"hidden\" name=\"_wpcf7_posted_data_hash\" value=\"\" \/>\n<\/div>\n<p><label> Votre nom<br \/>\n<span class=\"wpcf7-form-control-wrap\" data-name=\"your-name\"><input size=\"40\" maxlength=\"400\" class=\"wpcf7-form-control wpcf7-text wpcf7-validates-as-required form\" autocomplete=\"name\" aria-required=\"true\" aria-invalid=\"false\" value=\"\" type=\"text\" name=\"your-name\" \/><\/span> <\/label>\n<\/p>\n<p><label> Votre t\u00e9l\u00e9phone<br \/>\n<span class=\"wpcf7-form-control-wrap\" data-name=\"your-phone\"><input size=\"40\" maxlength=\"400\" class=\"wpcf7-form-control wpcf7-tel wpcf7-validates-as-required wpcf7-text wpcf7-validates-as-tel form\" autocomplete=\"phone\" aria-required=\"true\" aria-invalid=\"false\" value=\"\" type=\"tel\" name=\"your-phone\" \/><\/span> <\/label>\n<\/p>\n<p><label> Votre e-mail<br \/>\n<span class=\"wpcf7-form-control-wrap\" data-name=\"your-email\"><input size=\"40\" maxlength=\"400\" class=\"wpcf7-form-control wpcf7-email wpcf7-validates-as-required wpcf7-text wpcf7-validates-as-email form\" autocomplete=\"email\" aria-required=\"true\" aria-invalid=\"false\" value=\"\" type=\"email\" name=\"your-email\" \/><\/span> <\/label>\n<\/p>\n<p><label> Objet<br \/>\n<span class=\"wpcf7-form-control-wrap\" data-name=\"your-subject\"><input size=\"40\" maxlength=\"400\" class=\"wpcf7-form-control wpcf7-text wpcf7-validates-as-required form\" aria-required=\"true\" aria-invalid=\"false\" value=\"\" type=\"text\" name=\"your-subject\" \/><\/span> <\/label>\n<\/p>\n<p><label> Votre message (facultatif)<br \/>\n<span class=\"wpcf7-form-control-wrap\" data-name=\"your-message\"><textarea cols=\"40\" rows=\"10\" maxlength=\"2000\" class=\"wpcf7-form-control wpcf7-textarea form\" aria-invalid=\"false\" name=\"your-message\"><\/textarea><\/span> <\/label>\n<\/p>\n<p><input class=\"wpcf7-form-control wpcf7-submit has-spinner\" type=\"submit\" value=\"Envoyer\" \/>\n<\/p><div class=\"wpcf7-response-output\" aria-hidden=\"true\"><\/div>\n<\/form>\n<\/div>\n\n<\/div>\n<\/div>\n","protected":false},"excerpt":{"rendered":"","protected":false},"author":1,"featured_media":0,"parent":0,"menu_order":3,"comment_status":"closed","ping_status":"closed","template":"","meta":{"footnotes":""},"class_list":["post-25","page","type-page","status-publish","hentry"],"yoast_head":"<!-- This site is optimized with the Yoast SEO plugin v25.0 - https:\/\/yoast.com\/wordpress\/plugins\/seo\/ -->\n<title>Contactez nous pour la gestion de votre bien<\/title>\n<meta name=\"description\" content=\"Nous proposons une gamme compl\u00e8te de services personnalis\u00e9s pour les propri\u00e9taires mais aussi pour les locataires.\" \/>\n<meta name=\"robots\" content=\"index, follow, max-snippet:-1, max-image-preview:large, max-video-preview:-1\" \/>\n<link rel=\"canonical\" href=\"https:\/\/conciergerie-les-gravelots.fr\/index.php\/contactez-moi\/\" \/>\n<meta property=\"og:locale\" content=\"fr_FR\" \/>\n<meta property=\"og:type\" content=\"article\" \/>\n<meta property=\"og:title\" content=\"Contactez nous pour la gestion de votre bien\" \/>\n<meta property=\"og:description\" content=\"Nous proposons une gamme compl\u00e8te de services personnalis\u00e9s pour les propri\u00e9taires mais aussi pour les locataires.\" \/>\n<meta property=\"og:url\" content=\"https:\/\/conciergerie-les-gravelots.fr\/index.php\/contactez-moi\/\" \/>\n<meta property=\"og:site_name\" content=\"Conciergerie Les Gravelots\" \/>\n<meta property=\"article:modified_time\" content=\"2025-03-18T14:35:30+00:00\" \/>\n<meta property=\"og:image\" content=\"https:\/\/conciergerie-les-gravelots.fr\/wp-content\/uploads\/2025\/01\/contact-surf-1.jpg\" \/>\n\t<meta property=\"og:image:width\" content=\"600\" \/>\n\t<meta property=\"og:image:height\" content=\"1156\" \/>\n\t<meta property=\"og:image:type\" content=\"image\/jpeg\" \/>\n<meta name=\"twitter:card\" content=\"summary_large_image\" \/>\n<meta name=\"twitter:label1\" content=\"Dur\u00e9e de lecture estim\u00e9e\" \/>\n\t<meta name=\"twitter:data1\" content=\"1 minute\" \/>\n<script type=\"application\/ld+json\" class=\"yoast-schema-graph\">{\"@context\":\"https:\/\/schema.org\",\"@graph\":[{\"@type\":[\"WebPage\",\"ContactPage\"],\"@id\":\"https:\/\/conciergerie-les-gravelots.fr\/index.php\/contactez-moi\/\",\"url\":\"https:\/\/conciergerie-les-gravelots.fr\/index.php\/contactez-moi\/\",\"name\":\"Contactez nous pour la gestion de votre bien\",\"isPartOf\":{\"@id\":\"https:\/\/conciergerie-les-gravelots.fr\/#website\"},\"primaryImageOfPage\":{\"@id\":\"https:\/\/conciergerie-les-gravelots.fr\/index.php\/contactez-moi\/#primaryimage\"},\"image\":{\"@id\":\"https:\/\/conciergerie-les-gravelots.fr\/index.php\/contactez-moi\/#primaryimage\"},\"thumbnailUrl\":\"https:\/\/conciergerie-les-gravelots.fr\/wp-content\/uploads\/2025\/01\/contact-surf-1-531x1024.jpg\",\"datePublished\":\"2025-01-14T14:33:20+00:00\",\"dateModified\":\"2025-03-18T14:35:30+00:00\",\"description\":\"Nous proposons une gamme compl\u00e8te de services personnalis\u00e9s pour les propri\u00e9taires mais aussi pour les locataires.\",\"breadcrumb\":{\"@id\":\"https:\/\/conciergerie-les-gravelots.fr\/index.php\/contactez-moi\/#breadcrumb\"},\"inLanguage\":\"fr-FR\",\"potentialAction\":[{\"@type\":\"ReadAction\",\"target\":[\"https:\/\/conciergerie-les-gravelots.fr\/index.php\/contactez-moi\/\"]}]},{\"@type\":\"ImageObject\",\"inLanguage\":\"fr-FR\",\"@id\":\"https:\/\/conciergerie-les-gravelots.fr\/index.php\/contactez-moi\/#primaryimage\",\"url\":\"https:\/\/conciergerie-les-gravelots.fr\/wp-content\/uploads\/2025\/01\/contact-surf-1.jpg\",\"contentUrl\":\"https:\/\/conciergerie-les-gravelots.fr\/wp-content\/uploads\/2025\/01\/contact-surf-1.jpg\",\"width\":600,\"height\":1156},{\"@type\":\"BreadcrumbList\",\"@id\":\"https:\/\/conciergerie-les-gravelots.fr\/index.php\/contactez-moi\/#breadcrumb\",\"itemListElement\":[{\"@type\":\"ListItem\",\"position\":1,\"name\":\"Accueil\",\"item\":\"https:\/\/conciergerie-les-gravelots.fr\/\"},{\"@type\":\"ListItem\",\"position\":2,\"name\":\"Contact\"}]},{\"@type\":\"WebSite\",\"@id\":\"https:\/\/conciergerie-les-gravelots.fr\/#website\",\"url\":\"https:\/\/conciergerie-les-gravelots.fr\/\",\"name\":\"Conciergerie Les Gravelots\",\"description\":\"\",\"publisher\":{\"@id\":\"https:\/\/conciergerie-les-gravelots.fr\/#organization\"},\"potentialAction\":[{\"@type\":\"SearchAction\",\"target\":{\"@type\":\"EntryPoint\",\"urlTemplate\":\"https:\/\/conciergerie-les-gravelots.fr\/?s={search_term_string}\"},\"query-input\":{\"@type\":\"PropertyValueSpecification\",\"valueRequired\":true,\"valueName\":\"search_term_string\"}}],\"inLanguage\":\"fr-FR\"},{\"@type\":\"Organization\",\"@id\":\"https:\/\/conciergerie-les-gravelots.fr\/#organization\",\"name\":\"Conciergerie Les Gravelots\",\"url\":\"https:\/\/conciergerie-les-gravelots.fr\/\",\"logo\":{\"@type\":\"ImageObject\",\"inLanguage\":\"fr-FR\",\"@id\":\"https:\/\/conciergerie-les-gravelots.fr\/#\/schema\/logo\/image\/\",\"url\":\"https:\/\/conciergerie-les-gravelots.fr\/wp-content\/uploads\/2025\/01\/logo-site.png\",\"contentUrl\":\"https:\/\/conciergerie-les-gravelots.fr\/wp-content\/uploads\/2025\/01\/logo-site.png\",\"width\":300,\"height\":200,\"caption\":\"Conciergerie Les Gravelots\"},\"image\":{\"@id\":\"https:\/\/conciergerie-les-gravelots.fr\/#\/schema\/logo\/image\/\"}}]}<\/script>\n<!-- \/ Yoast SEO plugin. -->","yoast_head_json":{"title":"Contactez nous pour la gestion de votre bien","description":"Nous proposons une gamme compl\u00e8te de services personnalis\u00e9s pour les propri\u00e9taires mais aussi pour les locataires.","robots":{"index":"index","follow":"follow","max-snippet":"max-snippet:-1","max-image-preview":"max-image-preview:large","max-video-preview":"max-video-preview:-1"},"canonical":"https:\/\/conciergerie-les-gravelots.fr\/index.php\/contactez-moi\/","og_locale":"fr_FR","og_type":"article","og_title":"Contactez nous pour la gestion de votre bien","og_description":"Nous proposons une gamme compl\u00e8te de services personnalis\u00e9s pour les propri\u00e9taires mais aussi pour les locataires.","og_url":"https:\/\/conciergerie-les-gravelots.fr\/index.php\/contactez-moi\/","og_site_name":"Conciergerie Les Gravelots","article_modified_time":"2025-03-18T14:35:30+00:00","og_image":[{"width":600,"height":1156,"url":"https:\/\/conciergerie-les-gravelots.fr\/wp-content\/uploads\/2025\/01\/contact-surf-1.jpg","type":"image\/jpeg"}],"twitter_card":"summary_large_image","twitter_misc":{"Dur\u00e9e de lecture estim\u00e9e":"1 minute"},"schema":{"@context":"https:\/\/schema.org","@graph":[{"@type":["WebPage","ContactPage"],"@id":"https:\/\/conciergerie-les-gravelots.fr\/index.php\/contactez-moi\/","url":"https:\/\/conciergerie-les-gravelots.fr\/index.php\/contactez-moi\/","name":"Contactez nous pour la gestion de votre bien","isPartOf":{"@id":"https:\/\/conciergerie-les-gravelots.fr\/#website"},"primaryImageOfPage":{"@id":"https:\/\/conciergerie-les-gravelots.fr\/index.php\/contactez-moi\/#primaryimage"},"image":{"@id":"https:\/\/conciergerie-les-gravelots.fr\/index.php\/contactez-moi\/#primaryimage"},"thumbnailUrl":"https:\/\/conciergerie-les-gravelots.fr\/wp-content\/uploads\/2025\/01\/contact-surf-1-531x1024.jpg","datePublished":"2025-01-14T14:33:20+00:00","dateModified":"2025-03-18T14:35:30+00:00","description":"Nous proposons une gamme compl\u00e8te de services personnalis\u00e9s pour les propri\u00e9taires mais aussi pour les locataires.","breadcrumb":{"@id":"https:\/\/conciergerie-les-gravelots.fr\/index.php\/contactez-moi\/#breadcrumb"},"inLanguage":"fr-FR","potentialAction":[{"@type":"ReadAction","target":["https:\/\/conciergerie-les-gravelots.fr\/index.php\/contactez-moi\/"]}]},{"@type":"ImageObject","inLanguage":"fr-FR","@id":"https:\/\/conciergerie-les-gravelots.fr\/index.php\/contactez-moi\/#primaryimage","url":"https:\/\/conciergerie-les-gravelots.fr\/wp-content\/uploads\/2025\/01\/contact-surf-1.jpg","contentUrl":"https:\/\/conciergerie-les-gravelots.fr\/wp-content\/uploads\/2025\/01\/contact-surf-1.jpg","width":600,"height":1156},{"@type":"BreadcrumbList","@id":"https:\/\/conciergerie-les-gravelots.fr\/index.php\/contactez-moi\/#breadcrumb","itemListElement":[{"@type":"ListItem","position":1,"name":"Accueil","item":"https:\/\/conciergerie-les-gravelots.fr\/"},{"@type":"ListItem","position":2,"name":"Contact"}]},{"@type":"WebSite","@id":"https:\/\/conciergerie-les-gravelots.fr\/#website","url":"https:\/\/conciergerie-les-gravelots.fr\/","name":"Conciergerie Les Gravelots","description":"","publisher":{"@id":"https:\/\/conciergerie-les-gravelots.fr\/#organization"},"potentialAction":[{"@type":"SearchAction","target":{"@type":"EntryPoint","urlTemplate":"https:\/\/conciergerie-les-gravelots.fr\/?s={search_term_string}"},"query-input":{"@type":"PropertyValueSpecification","valueRequired":true,"valueName":"search_term_string"}}],"inLanguage":"fr-FR"},{"@type":"Organization","@id":"https:\/\/conciergerie-les-gravelots.fr\/#organization","name":"Conciergerie Les Gravelots","url":"https:\/\/conciergerie-les-gravelots.fr\/","logo":{"@type":"ImageObject","inLanguage":"fr-FR","@id":"https:\/\/conciergerie-les-gravelots.fr\/#\/schema\/logo\/image\/","url":"https:\/\/conciergerie-les-gravelots.fr\/wp-content\/uploads\/2025\/01\/logo-site.png","contentUrl":"https:\/\/conciergerie-les-gravelots.fr\/wp-content\/uploads\/2025\/01\/logo-site.png","width":300,"height":200,"caption":"Conciergerie Les Gravelots"},"image":{"@id":"https:\/\/conciergerie-les-gravelots.fr\/#\/schema\/logo\/image\/"}}]}},"_links":{"self":[{"href":"https:\/\/conciergerie-les-gravelots.fr\/index.php\/wp-json\/wp\/v2\/pages\/25","targetHints":{"allow":["GET"]}}],"collection":[{"href":"https:\/\/conciergerie-les-gravelots.fr\/index.php\/wp-json\/wp\/v2\/pages"}],"about":[{"href":"https:\/\/conciergerie-les-gravelots.fr\/index.php\/wp-json\/wp\/v2\/types\/page"}],"author":[{"embeddable":true,"href":"https:\/\/conciergerie-les-gravelots.fr\/index.php\/wp-json\/wp\/v2\/users\/1"}],"replies":[{"embeddable":true,"href":"https:\/\/conciergerie-les-gravelots.fr\/index.php\/wp-json\/wp\/v2\/comments?post=25"}],"version-history":[{"count":6,"href":"https:\/\/conciergerie-les-gravelots.fr\/index.php\/wp-json\/wp\/v2\/pages\/25\/revisions"}],"predecessor-version":[{"id":175,"href":"https:\/\/conciergerie-les-gravelots.fr\/index.php\/wp-json\/wp\/v2\/pages\/25\/revisions\/175"}],"wp:attachment":[{"href":"https:\/\/conciergerie-les-gravelots.fr\/index.php\/wp-json\/wp\/v2\/media?parent=25"}],"curies":[{"name":"wp","href":"https:\/\/api.w.org\/{rel}","templated":true}]}}