{"id":3,"date":"2025-01-14T14:00:51","date_gmt":"2025-01-14T13:00:51","guid":{"rendered":"http:\/\/conciergerie-les-gravelots.fr\/?page_id=3"},"modified":"2025-05-12T13:53:34","modified_gmt":"2025-05-12T11:53:34","slug":"mentions-legales","status":"publish","type":"page","link":"https:\/\/conciergerie-les-gravelots.fr\/index.php\/mentions-legales\/","title":{"rendered":"Mentions l\u00e9gales"},"content":{"rendered":"\n<h4 class=\"wp-block-heading\">MENTIONS LEGALES<\/h4>\n\n\n\n<p><strong>EDITEUR<\/strong><\/p>\n\n\n\n<p>CONCIERGERIE LES GRAVELOTS<br>Entreprise Individuelle immatricul\u00e9e sous le num\u00e9ro SIRET 940 669 187 00012<br>Si\u00e8ge social : 26, rue des Prunelles \u00e0 PLOUHINEC (56680)<br>Courriel de contact : conciergerielesgravelots@gmail.com<br>Num\u00e9ro de t\u00e9l\u00e9phone : 07 80 00 60 16<\/p>\n\n\n\n<p><strong>HEBERGEUR<\/strong><\/p>\n\n\n\n<p>SAS OVH &#8211; https:\/\/www.ovh.com\/<br>2 rue Kellermann<br>BP 80157<br>59100 Roubaix<br>DIRECTEUR DE LA PUBLICATION<br>Madame Aur\u00e9lie LE KER<\/p>\n\n\n\n<p><strong>DROITS D&rsquo;AUTEUR<\/strong><\/p>\n\n\n\n<p>L&rsquo;extraction, l&rsquo;indexation et l&rsquo;utilisation \u00e0 des fins professionnelles ou commerciales de tout ou partie du site, des applications ou de leurs donn\u00e9es, est interdite, sans l\u2019accord pr\u00e9alable<\/p>\n\n\n\n<p><strong>DONNEES PERSONNELLES<\/strong><\/p>\n\n\n\n<p>La Conciergerie traite les donn\u00e9es \u00e0 caract\u00e8re personnel de ses Clients dans le cadre de l\u2019utilisation de son site internet et dans le cadre du traitement des dossiers clients.<\/p>\n\n\n\n<p>La responsable de traitement est Madame Aur\u00e9lie LE KER.<\/p>\n\n\n\n<h4 class=\"wp-block-heading\">OBJET<\/h4>\n\n\n\n<p>Cette politique a notamment pour objet d\u2019informer les Utilisateurs du Site et les Clients, des modalit\u00e9s de collecte, de traitement, et d\u2019utilisation de leurs donn\u00e9es personnelles par la Conciergerie et de leurs droits en mati\u00e8re de protection des donn\u00e9es \u00e0 caract\u00e8re personnel au regard des dispositions applicables en la mati\u00e8re.<\/p>\n\n\n\n<h4 class=\"wp-block-heading\">DONNEES PERSONNELLES COLLECTEES<\/h4>\n\n\n\n<p>Les donn\u00e9es sont collect\u00e9es directement aupr\u00e8s de l\u2019Utilisateur lors de l\u2019utilisation du Site.<\/p>\n\n\n\n<p>Dans le cadre de l\u2019utilisation du Site, plusieurs types de donn\u00e9es \u00e0 caract\u00e8re personnel peuvent \u00eatre collect\u00e9s (nom, pr\u00e9nom, adresse, adresse m\u00e9l, etc.).<\/p>\n\n\n\n<h4 class=\"wp-block-heading\">FINALITE DES DONNEES COLLECTEES<\/h4>\n\n\n\n<p>Selon les cas, la Conciergerie traite vos donn\u00e9es en tout ou partie pour la gestion et le suivi de la cr\u00e9ation de compte et de la relation avec les Clients de mani\u00e8re g\u00e9n\u00e9rale.<\/p>\n\n\n\n<h4 class=\"wp-block-heading\">BASE JURIDIQUE DU TRAITEMENT<\/h4>\n\n\n\n<p>Selon les cas, la Conciergerie traite vos donn\u00e9es en tout ou partie sur les bases juridiques suivantes :<br>\u2022 Soit vous avez consenti au traitement de vos donn\u00e9es personnelles.<br>\u2022 Soit ce traitement est n\u00e9cessaire \u00e0 l\u2019ex\u00e9cution d\u2019un contrat auquel vous \u00eates partie ou \u00e0 l\u2019ex\u00e9cution de mesures pr\u00e9contractuelles prises \u00e0 votre demande.<\/p>\n\n\n\n<h4 class=\"wp-block-heading\">A QUI SONT-ELLES TRANSMISES ?<\/h4>\n\n\n\n<p>Les donn\u00e9es trait\u00e9es sont destin\u00e9es selon les cas aux personnes suivantes :<br>\u2022 les \u00e9ventuels sous-traitants et partenaires contractuels de la Conciergerie<br>\u2022 A toute autorit\u00e9 l\u00e9galement habilit\u00e9e \u00e0 en conna\u00eetre en particulier en cas de r\u00e9quisition judiciaire des autorit\u00e9s judiciaires, polici\u00e8res ou administratives.<\/p>\n\n\n\n<h4 class=\"wp-block-heading\">DUREE DE CONSERVATION DES DONNEES<\/h4>\n\n\n\n<p>La Conciergerie conserve les donn\u00e9es pendant une dur\u00e9e fix\u00e9e selon des crit\u00e8res permettant de couvrir la dur\u00e9e n\u00e9cessaire \u00e0 la r\u00e9alisation de la finalit\u00e9 augment\u00e9e, le cas \u00e9ch\u00e9ant, des d\u00e9lais de prescription et\/ou des dur\u00e9es de conservation obligatoires.<\/p>\n\n\n\n<h4 class=\"wp-block-heading\">DROITS<\/h4>\n\n\n\n<p>Conform\u00e9ment \u00e0 la r\u00e8glementation relative \u00e0 la protection des donn\u00e9es personnelles, vous disposez d\u2019un droit d\u2019acc\u00e8s, d\u2019interrogation, de rectification, d\u2019effacement (droit \u00e0 l\u2019oubli) et de limitation du traitement des donn\u00e9es vous concernant.<br>Vous disposez d\u2019un droit d\u2019acc\u00e8s aux donn\u00e9es vous concernant ce qui implique le droit, en vous adressant \u00e0 la Conciergerie d\u2019obtenir la confirmation que des donn\u00e9es \u00e0 caract\u00e8re personnel vous concernant sont ou ne sont pas trait\u00e9es et, lorsqu\u2019elles le sont, l\u2019acc\u00e8s auxdites donn\u00e9es \u00e0 caract\u00e8re personnel ainsi que les informations suivantes :<br>\u2022 Les finalit\u00e9s du traitement.<br>\u2022 Les cat\u00e9gories de donn\u00e9es \u00e0 caract\u00e8re personnel concern\u00e9es.<br>\u2022 Les destinataires ou cat\u00e9gories de destinataires auxquels les donn\u00e9es \u00e0 caract\u00e8re personnel ont \u00e9t\u00e9 ou seront communiqu\u00e9es.<br>\u2022 Lorsque cela est possible, la dur\u00e9e de conservation des donn\u00e9es \u00e0 caract\u00e8re personnel envisag\u00e9e ou, lorsque ce n\u2019est pas possible, les crit\u00e8res utilis\u00e9s pour d\u00e9terminer cette dur\u00e9e.<br>\u2022 L\u2019existence du droit de demander \u00e0 la Conciergerie la rectification ou l\u2019effacement de donn\u00e9es \u00e0 caract\u00e8re personnel, ou une limitation du traitement des donn\u00e9es \u00e0 caract\u00e8re personnel relatives \u00e0 la personne concern\u00e9e, ou du droit de s\u2019opposer \u00e0 ce traitement.<br>\u2022 Le droit d\u2019introduire une r\u00e9clamation aupr\u00e8s d\u2019une autorit\u00e9 de contr\u00f4le.<br>\u2022 Lorsque les donn\u00e9es \u00e0 caract\u00e8re personnel ne sont pas collect\u00e9es aupr\u00e8s de la personne concern\u00e9e, toute information disponible quant \u00e0 leur source.<br>Vous avez le droit d\u2019obtenir de la Conciergerie l\u2019effacement, dans les meilleurs d\u00e9lais, de vos donn\u00e9es \u00e0 caract\u00e8re personnel et elle a l\u2019obligation d\u2019effacer ces donn\u00e9es \u00e0 caract\u00e8re personnel dans les meilleurs d\u00e9lais, lorsque l\u2019un des motifs suivants s\u2019applique :<br>\u2022 Vous contestez l\u2019exactitude de vos donn\u00e9es \u00e0 caract\u00e8re personnel, pendant une dur\u00e9e permettant \u00e0 la Conciergerie de v\u00e9rifier l\u2019exactitude des donn\u00e9es \u00e0 caract\u00e8re personnel.<br>\u2022 Le traitement est illicite et vous vous opposez \u00e0 leur effacement et exigez \u00e0 la place la limitation de leur utilisation.<br>\u2022 la Conciergerie n\u2019a plus besoin des donn\u00e9es \u00e0 caract\u00e8re personnel aux fins du traitement mais celles-ci sont encore n\u00e9cessaires pour vous pour la constatation, l\u2019exercice ou la d\u00e9fense de droits en justice.<\/p>\n\n\n\n<p>Vous pouvez exercer vos droits en vous adressant \u00e0 conciergerielesgravelots@gmail.com.<\/p>\n\n\n\n<p>La Conciergerie vous informe \u00e9galement que vous disposez du droit d\u2019introduire une r\u00e9clamation aupr\u00e8s d\u2019une autorit\u00e9 de contr\u00f4le.<\/p>\n\n\n\n<p>Dans un souci de confidentialit\u00e9 et de protection des donn\u00e9es personnelles, la Conciergerie doit s\u2019assurer de l\u2019identit\u00e9 de l\u2018Utilisateur ou du Client avant de r\u00e9pondre \u00e0 sa demande. Aussi, toute demande tendant \u00e0 l\u2019exercice de ces droits devra \u00eatre accompagn\u00e9e d\u2019une copie d\u2019un titre d\u2019identit\u00e9 sign\u00e9.<br>Lorsque vous exercez l\u2019un des droits \u00e9num\u00e9r\u00e9s ci-dessus, la Conciergerie s\u2019engage \u00e0 vous fournir des informations sur les mesures prises \u00e0 la suite de votre demande, dans les meilleurs d\u00e9lais et en tout \u00e9tat de cause dans un d\u00e9lai d\u2019un mois \u00e0 la suite de votre demande.<\/p>\n\n\n\n<h4 class=\"wp-block-heading\">MESURES DE S\u00c9CURIT\u00c9<\/h4>\n\n\n\n<p>Soucieux de garantir la s\u00e9curit\u00e9 de vos donn\u00e9es, la Conciergerie prend toutes les pr\u00e9cautions utiles qu\u2019elles soient physiques, logiques, administratives ou organisationnelles, au regard de la nature des donn\u00e9es qu\u2019elle traite et des risques pr\u00e9sent\u00e9s par les diff\u00e9rents traitements, pour pr\u00e9server la s\u00e9curit\u00e9 et la confidentialit\u00e9 des donn\u00e9es et, emp\u00eacher qu\u2019elles soient d\u00e9form\u00e9es, endommag\u00e9es ou que des tiers non autoris\u00e9s y aient acc\u00e8s.<\/p>\n\n\n\n<p>En cas de sous-traitance d\u2019une partie ou de la totalit\u00e9 d\u2019un traitement de donn\u00e9es \u00e0 caract\u00e8re personnel, la Conciergerie impose contractuellement \u00e0 ses sous-traitants des garanties de s\u00e9curit\u00e9 et de confidentialit\u00e9 des donn\u00e9es \u00e0 caract\u00e8re personnel par le biais de mesures techniques de protection de ces donn\u00e9es et des moyens humains appropri\u00e9s.<\/p>\n\n\n\n<p><\/p>\n","protected":false},"excerpt":{"rendered":"<p>MENTIONS LEGALES EDITEUR CONCIERGERIE LES GRAVELOTSEntreprise Individuelle immatricul\u00e9e sous le num\u00e9ro SIRET 940 669 187 00012Si\u00e8ge social : 26, rue des Prunelles \u00e0 PLOUHINEC (56680)Courriel de contact : conciergerielesgravelots@gmail.comNum\u00e9ro de t\u00e9l\u00e9phone : 07 80 00 60 16 HEBERGEUR SAS OVH &#8211; https:\/\/www.ovh.com\/2 rue KellermannBP 8015759100 RoubaixDIRECTEUR DE LA PUBLICATIONMadame Aur\u00e9lie LE KER DROITS D&rsquo;AUTEUR L&rsquo;extraction, [&hellip;]<\/p>\n","protected":false},"author":1,"featured_media":0,"parent":0,"menu_order":5,"comment_status":"closed","ping_status":"closed","template":"","meta":{"footnotes":""},"class_list":["post-3","page","type-page","status-publish","hentry"],"yoast_head":"<!-- This site is optimized with the Yoast SEO plugin v25.0 - https:\/\/yoast.com\/wordpress\/plugins\/seo\/ -->\n<title>Mentions l\u00e9gales - Notre conciergerie s&#039;occupe de vous<\/title>\n<meta name=\"description\" content=\"Nous proposons une gamme compl\u00e8te de services personnalis\u00e9s pour les propri\u00e9taires mais aussi pour les locataires autour de Plouhinec.\" \/>\n<meta name=\"robots\" content=\"index, follow, max-snippet:-1, max-image-preview:large, max-video-preview:-1\" \/>\n<link rel=\"canonical\" href=\"https:\/\/conciergerie-les-gravelots.fr\/index.php\/mentions-legales\/\" \/>\n<meta property=\"og:locale\" content=\"fr_FR\" \/>\n<meta property=\"og:type\" content=\"article\" \/>\n<meta property=\"og:title\" content=\"Mentions l\u00e9gales - Notre conciergerie s&#039;occupe de vous\" \/>\n<meta property=\"og:description\" content=\"Nous proposons une gamme compl\u00e8te de services personnalis\u00e9s pour les propri\u00e9taires mais aussi pour les locataires autour de Plouhinec.\" \/>\n<meta property=\"og:url\" content=\"https:\/\/conciergerie-les-gravelots.fr\/index.php\/mentions-legales\/\" \/>\n<meta property=\"og:site_name\" content=\"Conciergerie Les Gravelots\" \/>\n<meta property=\"article:modified_time\" content=\"2025-05-12T11:53:34+00:00\" \/>\n<meta name=\"twitter:card\" content=\"summary_large_image\" \/>\n<meta name=\"twitter:label1\" content=\"Dur\u00e9e de lecture estim\u00e9e\" \/>\n\t<meta name=\"twitter:data1\" content=\"6 minutes\" \/>\n<script type=\"application\/ld+json\" class=\"yoast-schema-graph\">{\"@context\":\"https:\/\/schema.org\",\"@graph\":[{\"@type\":[\"WebPage\",\"ContactPage\"],\"@id\":\"https:\/\/conciergerie-les-gravelots.fr\/index.php\/mentions-legales\/\",\"url\":\"https:\/\/conciergerie-les-gravelots.fr\/index.php\/mentions-legales\/\",\"name\":\"Mentions l\u00e9gales - Notre conciergerie s'occupe de vous\",\"isPartOf\":{\"@id\":\"https:\/\/conciergerie-les-gravelots.fr\/#website\"},\"datePublished\":\"2025-01-14T13:00:51+00:00\",\"dateModified\":\"2025-05-12T11:53:34+00:00\",\"description\":\"Nous proposons une gamme compl\u00e8te de services personnalis\u00e9s pour les propri\u00e9taires mais aussi pour les locataires autour de Plouhinec.\",\"breadcrumb\":{\"@id\":\"https:\/\/conciergerie-les-gravelots.fr\/index.php\/mentions-legales\/#breadcrumb\"},\"inLanguage\":\"fr-FR\",\"potentialAction\":[{\"@type\":\"ReadAction\",\"target\":[\"https:\/\/conciergerie-les-gravelots.fr\/index.php\/mentions-legales\/\"]}]},{\"@type\":\"BreadcrumbList\",\"@id\":\"https:\/\/conciergerie-les-gravelots.fr\/index.php\/mentions-legales\/#breadcrumb\",\"itemListElement\":[{\"@type\":\"ListItem\",\"position\":1,\"name\":\"Accueil\",\"item\":\"https:\/\/conciergerie-les-gravelots.fr\/\"},{\"@type\":\"ListItem\",\"position\":2,\"name\":\"Mentions l\u00e9gales\"}]},{\"@type\":\"WebSite\",\"@id\":\"https:\/\/conciergerie-les-gravelots.fr\/#website\",\"url\":\"https:\/\/conciergerie-les-gravelots.fr\/\",\"name\":\"Conciergerie Les Gravelots\",\"description\":\"\",\"publisher\":{\"@id\":\"https:\/\/conciergerie-les-gravelots.fr\/#organization\"},\"potentialAction\":[{\"@type\":\"SearchAction\",\"target\":{\"@type\":\"EntryPoint\",\"urlTemplate\":\"https:\/\/conciergerie-les-gravelots.fr\/?s={search_term_string}\"},\"query-input\":{\"@type\":\"PropertyValueSpecification\",\"valueRequired\":true,\"valueName\":\"search_term_string\"}}],\"inLanguage\":\"fr-FR\"},{\"@type\":\"Organization\",\"@id\":\"https:\/\/conciergerie-les-gravelots.fr\/#organization\",\"name\":\"Conciergerie Les Gravelots\",\"url\":\"https:\/\/conciergerie-les-gravelots.fr\/\",\"logo\":{\"@type\":\"ImageObject\",\"inLanguage\":\"fr-FR\",\"@id\":\"https:\/\/conciergerie-les-gravelots.fr\/#\/schema\/logo\/image\/\",\"url\":\"https:\/\/conciergerie-les-gravelots.fr\/wp-content\/uploads\/2025\/01\/logo-site.png\",\"contentUrl\":\"https:\/\/conciergerie-les-gravelots.fr\/wp-content\/uploads\/2025\/01\/logo-site.png\",\"width\":300,\"height\":200,\"caption\":\"Conciergerie Les Gravelots\"},\"image\":{\"@id\":\"https:\/\/conciergerie-les-gravelots.fr\/#\/schema\/logo\/image\/\"}}]}<\/script>\n<!-- \/ Yoast SEO plugin. -->","yoast_head_json":{"title":"Mentions l\u00e9gales - Notre conciergerie s'occupe de vous","description":"Nous proposons une gamme compl\u00e8te de services personnalis\u00e9s pour les propri\u00e9taires mais aussi pour les locataires autour de Plouhinec.","robots":{"index":"index","follow":"follow","max-snippet":"max-snippet:-1","max-image-preview":"max-image-preview:large","max-video-preview":"max-video-preview:-1"},"canonical":"https:\/\/conciergerie-les-gravelots.fr\/index.php\/mentions-legales\/","og_locale":"fr_FR","og_type":"article","og_title":"Mentions l\u00e9gales - Notre conciergerie s'occupe de vous","og_description":"Nous proposons une gamme compl\u00e8te de services personnalis\u00e9s pour les propri\u00e9taires mais aussi pour les locataires autour de Plouhinec.","og_url":"https:\/\/conciergerie-les-gravelots.fr\/index.php\/mentions-legales\/","og_site_name":"Conciergerie Les Gravelots","article_modified_time":"2025-05-12T11:53:34+00:00","twitter_card":"summary_large_image","twitter_misc":{"Dur\u00e9e de lecture estim\u00e9e":"6 minutes"},"schema":{"@context":"https:\/\/schema.org","@graph":[{"@type":["WebPage","ContactPage"],"@id":"https:\/\/conciergerie-les-gravelots.fr\/index.php\/mentions-legales\/","url":"https:\/\/conciergerie-les-gravelots.fr\/index.php\/mentions-legales\/","name":"Mentions l\u00e9gales - Notre conciergerie s'occupe de vous","isPartOf":{"@id":"https:\/\/conciergerie-les-gravelots.fr\/#website"},"datePublished":"2025-01-14T13:00:51+00:00","dateModified":"2025-05-12T11:53:34+00:00","description":"Nous proposons une gamme compl\u00e8te de services personnalis\u00e9s pour les propri\u00e9taires mais aussi pour les locataires autour de Plouhinec.","breadcrumb":{"@id":"https:\/\/conciergerie-les-gravelots.fr\/index.php\/mentions-legales\/#breadcrumb"},"inLanguage":"fr-FR","potentialAction":[{"@type":"ReadAction","target":["https:\/\/conciergerie-les-gravelots.fr\/index.php\/mentions-legales\/"]}]},{"@type":"BreadcrumbList","@id":"https:\/\/conciergerie-les-gravelots.fr\/index.php\/mentions-legales\/#breadcrumb","itemListElement":[{"@type":"ListItem","position":1,"name":"Accueil","item":"https:\/\/conciergerie-les-gravelots.fr\/"},{"@type":"ListItem","position":2,"name":"Mentions l\u00e9gales"}]},{"@type":"WebSite","@id":"https:\/\/conciergerie-les-gravelots.fr\/#website","url":"https:\/\/conciergerie-les-gravelots.fr\/","name":"Conciergerie Les Gravelots","description":"","publisher":{"@id":"https:\/\/conciergerie-les-gravelots.fr\/#organization"},"potentialAction":[{"@type":"SearchAction","target":{"@type":"EntryPoint","urlTemplate":"https:\/\/conciergerie-les-gravelots.fr\/?s={search_term_string}"},"query-input":{"@type":"PropertyValueSpecification","valueRequired":true,"valueName":"search_term_string"}}],"inLanguage":"fr-FR"},{"@type":"Organization","@id":"https:\/\/conciergerie-les-gravelots.fr\/#organization","name":"Conciergerie Les Gravelots","url":"https:\/\/conciergerie-les-gravelots.fr\/","logo":{"@type":"ImageObject","inLanguage":"fr-FR","@id":"https:\/\/conciergerie-les-gravelots.fr\/#\/schema\/logo\/image\/","url":"https:\/\/conciergerie-les-gravelots.fr\/wp-content\/uploads\/2025\/01\/logo-site.png","contentUrl":"https:\/\/conciergerie-les-gravelots.fr\/wp-content\/uploads\/2025\/01\/logo-site.png","width":300,"height":200,"caption":"Conciergerie Les Gravelots"},"image":{"@id":"https:\/\/conciergerie-les-gravelots.fr\/#\/schema\/logo\/image\/"}}]}},"_links":{"self":[{"href":"https:\/\/conciergerie-les-gravelots.fr\/index.php\/wp-json\/wp\/v2\/pages\/3","targetHints":{"allow":["GET"]}}],"collection":[{"href":"https:\/\/conciergerie-les-gravelots.fr\/index.php\/wp-json\/wp\/v2\/pages"}],"about":[{"href":"https:\/\/conciergerie-les-gravelots.fr\/index.php\/wp-json\/wp\/v2\/types\/page"}],"author":[{"embeddable":true,"href":"https:\/\/conciergerie-les-gravelots.fr\/index.php\/wp-json\/wp\/v2\/users\/1"}],"replies":[{"embeddable":true,"href":"https:\/\/conciergerie-les-gravelots.fr\/index.php\/wp-json\/wp\/v2\/comments?post=3"}],"version-history":[{"count":7,"href":"https:\/\/conciergerie-les-gravelots.fr\/index.php\/wp-json\/wp\/v2\/pages\/3\/revisions"}],"predecessor-version":[{"id":237,"href":"https:\/\/conciergerie-les-gravelots.fr\/index.php\/wp-json\/wp\/v2\/pages\/3\/revisions\/237"}],"wp:attachment":[{"href":"https:\/\/conciergerie-les-gravelots.fr\/index.php\/wp-json\/wp\/v2\/media?parent=3"}],"curies":[{"name":"wp","href":"https:\/\/api.w.org\/{rel}","templated":true}]}}